{"id":2,"date":"2024-01-21T17:54:41","date_gmt":"2024-01-21T17:54:41","guid":{"rendered":"https:\/\/kariyekitaphediye.com\/?page_id=2"},"modified":"2024-01-21T18:16:41","modified_gmt":"2024-01-21T18:16:41","slug":"sample-page","status":"publish","type":"page","link":"https:\/\/kariyekitaphediye.com\/?page_id=2","title":{"rendered":"\u0130leti\u015fim"},"content":{"rendered":"\n<p><br>DERV\u0130\u015e AL\u0130 MAH. NE\u015eTER SK. G\u00dcLERYUZ APT. NO: 23 A<\/p>\n\n\n\n<p>(0212) 521 14 38<\/p>\n\n\n\n<p>erhanerkenster@gmail.com<\/p>\n\n\n\n<blockquote class=\"wp-block-quote is-layout-flow wp-block-quote-is-layout-flow\">\n<iframe src=\"https:\/\/www.google.com\/maps\/embed?pb=!1m18!1m12!1m3!1d3009.754530698466!2d28.935591576529596!3d41.03062601804786!2m3!1f0!2f0!3f0!3m2!1i1024!2i768!4f13.1!3m3!1m2!1s0x14cabb3e332c709f%3A0x391813ff7b9827cc!2sKariye%20Kitap%2FHediye!5e0!3m2!1str!2str!4v1705860985299!5m2!1str!2str\" width=\"600\" height=\"450\" style=\"border:0;\" allowfullscreen=\"\" loading=\"lazy\" referrerpolicy=\"no-referrer-when-downgrade\"><\/iframe>\n<\/blockquote>\n\n\n\n<blockquote class=\"wp-block-quote is-layout-flow wp-block-quote-is-layout-flow\">\n<p><\/p>\n<\/blockquote>\n","protected":false},"excerpt":{"rendered":"<p>DERV\u0130\u015e AL\u0130 MAH. NE\u015eTER SK. G\u00dcLERYUZ APT. NO: 23 A (0212) 521 14 38 erhanerkenster@gmail.com<\/p>\n","protected":false},"author":1,"featured_media":0,"parent":0,"menu_order":0,"comment_status":"closed","ping_status":"open","template":"","meta":{"footnotes":""},"class_list":["post-2","page","type-page","status-publish","hentry","missing-thumbnail"],"_links":{"self":[{"href":"https:\/\/kariyekitaphediye.com\/index.php?rest_route=\/wp\/v2\/pages\/2","targetHints":{"allow":["GET"]}}],"collection":[{"href":"https:\/\/kariyekitaphediye.com\/index.php?rest_route=\/wp\/v2\/pages"}],"about":[{"href":"https:\/\/kariyekitaphediye.com\/index.php?rest_route=\/wp\/v2\/types\/page"}],"author":[{"embeddable":true,"href":"https:\/\/kariyekitaphediye.com\/index.php?rest_route=\/wp\/v2\/users\/1"}],"replies":[{"embeddable":true,"href":"https:\/\/kariyekitaphediye.com\/index.php?rest_route=%2Fwp%2Fv2%2Fcomments&post=2"}],"version-history":[{"count":1,"href":"https:\/\/kariyekitaphediye.com\/index.php?rest_route=\/wp\/v2\/pages\/2\/revisions"}],"predecessor-version":[{"id":11,"href":"https:\/\/kariyekitaphediye.com\/index.php?rest_route=\/wp\/v2\/pages\/2\/revisions\/11"}],"wp:attachment":[{"href":"https:\/\/kariyekitaphediye.com\/index.php?rest_route=%2Fwp%2Fv2%2Fmedia&parent=2"}],"curies":[{"name":"wp","href":"https:\/\/api.w.org\/{rel}","templated":true}]}}